{"id":162,"date":"2022-04-27T19:02:07","date_gmt":"2022-04-27T16:02:07","guid":{"rendered":"http:\/\/www.vanhat.sarajamaki.fi\/?page_id=162"},"modified":"2023-11-13T17:34:05","modified_gmt":"2023-11-13T15:34:05","slug":"wscad","status":"publish","type":"page","link":"https:\/\/www.vanhat.sarajamaki.fi\/","title":{"rendered":"WSCAD"},"content":{"rendered":"\n<h1 class=\"wp-block-heading\"><strong>WSCAD on suunnitteluohjelma, jossa on kuusi teknologiaa samalla modulaarisella alustalla!<\/strong><\/h1>\n\n\n\n<div class=\"wp-block-media-text alignwide is-stacked-on-mobile\" style=\"grid-template-columns:47% auto\"><figure class=\"wp-block-media-text__media\"><a href=\"https:\/\/www.wscad.com\/en\/\" target=\"_blank\" rel=\"noopener\"><img loading=\"lazy\" decoding=\"async\" width=\"1024\" height=\"290\" src=\"http:\/\/www.vanhat.sarajamaki.fi\/wp-content\/uploads\/2022\/05\/ELECTRIX_WHITE_BG_slogan-1024x290.png\" alt=\"\" class=\"wp-image-193 size-full\" srcset=\"https:\/\/www.vanhat.sarajamaki.fi\/wp-content\/uploads\/2022\/05\/ELECTRIX_WHITE_BG_slogan-1024x290.png 1024w, https:\/\/www.vanhat.sarajamaki.fi\/wp-content\/uploads\/2022\/05\/ELECTRIX_WHITE_BG_slogan-300x85.png 300w, https:\/\/www.vanhat.sarajamaki.fi\/wp-content\/uploads\/2022\/05\/ELECTRIX_WHITE_BG_slogan-768x218.png 768w, https:\/\/www.vanhat.sarajamaki.fi\/wp-content\/uploads\/2022\/05\/ELECTRIX_WHITE_BG_slogan-1536x435.png 1536w, https:\/\/www.vanhat.sarajamaki.fi\/wp-content\/uploads\/2022\/05\/ELECTRIX_WHITE_BG_slogan.png 1952w\" sizes=\"auto, (max-width: 767px) 89vw, (max-width: 1000px) 54vw, (max-width: 1071px) 543px, 580px\" \/><\/a><\/figure><div class=\"wp-block-media-text__content\">\n<h1 class=\"wp-block-heading has-text-align-center\"><strong>6 teknologiaa:<\/strong><\/h1>\n\n\n\n<ul class=\"wp-block-list\">\n<li>EE Piirikaaviot<\/li>\n\n\n\n<li>CE Keskussuunnittelu 3D<\/li>\n\n\n\n<li>EI Kiinteist\u00f6suunnittelu, tasokuvat 3D<\/li>\n\n\n\n<li>FE Fluidij\u00e4rjestelm\u00e4t<\/li>\n\n\n\n<li>PI Prosessikaaviot ja instrumentointi<\/li>\n\n\n\n<li>BA Kiinteist\u00f6automaatio<\/li>\n<\/ul>\n\n\n\n<p>Lis\u00e4tietoa klikkaamalla Electrix logoa!<\/p>\n<\/div><\/div>\n\n\n\n<p>Pelk\u00e4st\u00e4\u00e4n WSCADin mukana tulevilla symboli-, makro- ja tuotekirjastolla p\u00e4\u00e4set hyv\u00e4\u00e4n vauhtiin + valmiit pohjat tuo helpon startin tekemiseen. Kehittyneemp\u00e4n\u00e4 k\u00e4ytt\u00e4j\u00e4n\u00e4 voit sitten joko valmiita pohjia muokkaamalla tai itse tekem\u00e4ll\u00e4 luoda yritykselle kokonaan omann\u00e4k\u00f6isen dokumentaation. Lis\u00e4ksi voit luoda juuri sen n\u00e4k\u00f6isen dokumentaation, kuin asiakkaasi haluaa, niin PDF, kuin Excel luetteloineen ja listoineen helposti parilla klikkauksella. Lis\u00e4n\u00e4 WSCAD sis\u00e4lt\u00e4\u00e4 symbolikirjastot ja pohjat USA mallisiin kuviin, joten sopii heti k\u00e4ttelyss\u00e4 siihenkin suunnitteluun!<\/p>\n\n\n\n<p>Mukana tulevat symbolikirjastot: DIN 81346 (+ 1pol = yksinapaesitys), DIN ISO 1219-2, EN ISO 10628-1 ja -2<\/p>\n\n\n\n<p>Valmistajakohtaiset kirjastot kasvaa sit\u00e4 mukaa, kun haet uusia asioita Universesta!<\/p>\n\n\n\n<p>Kun tarvitset ulkopuolisia toimijoita, kuten esimerkiksi Phoenix, Weidm\u00fcller ja Schneider Electric, l\u00f6yd\u00e4t valmiin liit\u00e4nn\u00e4n esimerkiksi riviliinpakkojen tilaamiseen suoraan toimittajilta valmiiksi koottuna. Jos taasen tarvitset vaikka Siemensin TIA Portalin kanssa yhteisty\u00f6t\u00e4 (toimii Selection Toolinkin kanssa), niin sekin l\u00f6ytyy valmiina liit\u00e4nt\u00e4n\u00e4, jolla siirr\u00e4t helposti koko projektin raudan + IO:n ohjelmien v\u00e4lill\u00e4.<\/p>\n\n\n\n<p>Mik\u00e4li haluat keskusten aukottamiseen , asennuslevyjen kalustamiseen ja kaapelisarjojen tekemiseen konevoimaa avuksi, saat WSCADist\u00e4 valmiiden k\u00e4ytt\u00f6liittymien kautta datansiirron suoraan niihin! Valmiita rajapintoja l\u00f6ytyy useisiin CadCabel, Komax, Steinhauer PWA, Kiesling Perforex, Steinhauer Drilling machine ja Steinhauer eCAB Systemin koneisiin.<\/p>\n\n\n\n<p>Tietojen siirto erilaisiin PLM\/ERP j\u00e4rjestelmiin on sekin arkip\u00e4iv\u00e4\u00e4 WSCADin ymp\u00e4rist\u00f6ss\u00e4, WSCAD tarjoaa valmiin rajapintaliit\u00e4nn\u00e4n, jonka avulla voi tehd\u00e4 integraation mihin tahansa ohjelmistoon, josta l\u00f6ytyy oma rajapintansa.<\/p>\n\n\n\n<p><a href=\"https:\/\/www.youtube.com\/c\/WSCADGmbH\/videos\" target=\"_blank\" rel=\"noreferrer noopener\">WSCAD GmbH &#8211; YouTube<\/a><\/p>\n\n\n\n<p>Tutustu valmistajan sivuilla + videoiden v\u00e4lityksell\u00e4 erilaisiin tekemisiin ja ominaisuuksiin. Lataa demo k\u00e4ytt\u00f6\u00f6n ja ole sitten meihin yhteydess\u00e4! Laitetaan suunnittelutoimintaasi lis\u00e4\u00e4 vauhtia, ket\u00e4\u00e4n ruoskimatta. Tervetuloa yli 40 000 k\u00e4ytt\u00e4j\u00e4n joukkoomme tekem\u00e4\u00e4n maailmanlaajuisesti luettavia ja ymm\u00e4rrett\u00e4vi\u00e4 suunnitelmia.<\/p>\n\n\n\n<p><a href=\"https:\/\/www.wscad.com\/en\/electrix\/demo\/\" target=\"_blank\" rel=\"noreferrer noopener\"><strong>ELECTRIX Demoversion &#8211; WSCAD GmbH<\/strong><\/a><\/p>\n\n\n\n<p>Tuotetietokannan p\u00e4ivitt\u00e4minen ei voi olla t\u00e4m\u00e4n helpompaa, WSCADiin integroituna p\u00e4\u00e4set suoraan WSCADUNIVERSEen ja tuot sielt\u00e4 tullessasi tarvittavat komponentit tuotetietoineen ja SYMBOLEINEEN. Ota siis k\u00e4ytt\u00f6\u00f6n helppo suunnittelu oikeilla tuotteilla, insert part -menetelm\u00e4ll\u00e4 t\u00e4m\u00e4kin onnistuu, unohtaen erilliset listojen ja luetteloiden kirjoittelut. Sitten vain suunnitelmat, listat ja luettelot nippuun ja kaikki materiaali asiakkaalle.<\/p>\n\n\n\n<p>WSCADin 3D kuvia voit hy\u00f6dynt\u00e4\u00e4 eri ohjelmissa, saat esimerkiksi kiinteist\u00f6jen ja keskusten 3D-mallit STL, IGES, WebGL, ja Mesh with material datana. Katso lis\u00e4\u00e4 videon muodossa <a href=\"https:\/\/www.youtube.com\/watch?v=A2mS22L3y_Q\">3D Control Cabinet WSCAD &#8211; YouTube<\/a><\/p>\n\n\n\n<figure class=\"wp-block-image size-large\"><a href=\"http:\/\/www.vanhat.sarajamaki.fi\/wp-content\/uploads\/2023\/01\/3D_keskus_oma.png\"><img loading=\"lazy\" decoding=\"async\" width=\"1024\" height=\"752\" src=\"http:\/\/www.vanhat.sarajamaki.fi\/wp-content\/uploads\/2023\/01\/3D_keskus_oma-1024x752.png\" alt=\"\" class=\"wp-image-328\" srcset=\"https:\/\/www.vanhat.sarajamaki.fi\/wp-content\/uploads\/2023\/01\/3D_keskus_oma-1024x752.png 1024w, https:\/\/www.vanhat.sarajamaki.fi\/wp-content\/uploads\/2023\/01\/3D_keskus_oma-300x220.png 300w, https:\/\/www.vanhat.sarajamaki.fi\/wp-content\/uploads\/2023\/01\/3D_keskus_oma-768x564.png 768w, https:\/\/www.vanhat.sarajamaki.fi\/wp-content\/uploads\/2023\/01\/3D_keskus_oma.png 1136w\" sizes=\"auto, (max-width: 767px) 89vw, (max-width: 1000px) 54vw, (max-width: 1071px) 543px, 580px\" \/><\/a><figcaption class=\"wp-element-caption\">3D keskuskuva &#8221;laatikkomalleilla&#8221;<\/figcaption><\/figure>\n\n\n\n<div class=\"wp-block-media-text alignwide has-media-on-the-right is-stacked-on-mobile is-vertically-aligned-center\" style=\"grid-template-columns:auto 42%\"><div class=\"wp-block-media-text__content\">\n<h1 class=\"wp-block-heading has-text-align-center\"><strong>Maailman laajin s\u00e4hk\u00f6isten komponenttien CAD-tuotetietokanta!<\/strong><\/h1>\n\n\n\n<ul class=\"wp-block-list\">\n<li>Yli 2.1 miljoonaa s\u00e4hk\u00f6komponenttia<\/li>\n\n\n\n<li>Yli 390 valmistajaa<\/li>\n\n\n\n<li>Yli 135 000 k\u00e4ytt\u00e4j\u00e4\u00e4 maailmanlaajuisesti<\/li>\n\n\n\n<li>WSCAD, 3D-STEP, DWG ja EDZ muodoissa<\/li>\n\n\n\n<li>Kaikille avoin! Klikkaa logoa, saat lis\u00e4tietoa.<\/li>\n<\/ul>\n<\/div><figure class=\"wp-block-media-text__media\"><a href=\"https:\/\/wscaduniverse.com\/welcome\" target=\"_blank\" rel=\"noopener\"><img loading=\"lazy\" decoding=\"async\" width=\"1024\" height=\"277\" src=\"http:\/\/www.vanhat.sarajamaki.fi\/wp-content\/uploads\/2022\/05\/wscaduniverse_light_background-1024x277.png\" alt=\"\" class=\"wp-image-192 size-full\" srcset=\"https:\/\/www.vanhat.sarajamaki.fi\/wp-content\/uploads\/2022\/05\/wscaduniverse_light_background-1024x277.png 1024w, https:\/\/www.vanhat.sarajamaki.fi\/wp-content\/uploads\/2022\/05\/wscaduniverse_light_background-300x81.png 300w, https:\/\/www.vanhat.sarajamaki.fi\/wp-content\/uploads\/2022\/05\/wscaduniverse_light_background-768x208.png 768w, https:\/\/www.vanhat.sarajamaki.fi\/wp-content\/uploads\/2022\/05\/wscaduniverse_light_background-1536x415.png 1536w, https:\/\/www.vanhat.sarajamaki.fi\/wp-content\/uploads\/2022\/05\/wscaduniverse_light_background-2048x553.png 2048w\" sizes=\"auto, (max-width: 767px) 89vw, (max-width: 1000px) 54vw, (max-width: 1071px) 543px, 580px\" \/><\/a><\/figure><\/div>\n\n\n\n<p>Ja kun tarvitset liikkuvaan ty\u00f6h\u00f6n helpottavia ty\u00f6kaluja, ota k\u00e4ytt\u00f6\u00f6n keskusten kanssa Cabinet AR APP ja kun haluat skannata huoneita ja\/tai kiinteist\u00f6j\u00e4, nappaa itsellesi Building AR APP.<\/p>\n\n\n\n<div class=\"wp-block-media-text alignwide is-stacked-on-mobile\" style=\"grid-template-columns:47% auto\"><figure class=\"wp-block-media-text__media\"><img loading=\"lazy\" decoding=\"async\" width=\"1024\" height=\"418\" src=\"http:\/\/www.vanhat.sarajamaki.fi\/wp-content\/uploads\/2022\/05\/AR-APP-1024x418.png\" alt=\"\" class=\"wp-image-178 size-full\" srcset=\"https:\/\/www.vanhat.sarajamaki.fi\/wp-content\/uploads\/2022\/05\/AR-APP-1024x418.png 1024w, https:\/\/www.vanhat.sarajamaki.fi\/wp-content\/uploads\/2022\/05\/AR-APP-300x123.png 300w, https:\/\/www.vanhat.sarajamaki.fi\/wp-content\/uploads\/2022\/05\/AR-APP-768x314.png 768w, https:\/\/www.vanhat.sarajamaki.fi\/wp-content\/uploads\/2022\/05\/AR-APP-1536x627.png 1536w, https:\/\/www.vanhat.sarajamaki.fi\/wp-content\/uploads\/2022\/05\/AR-APP.png 1574w\" sizes=\"auto, (max-width: 767px) 89vw, (max-width: 1000px) 54vw, (max-width: 1071px) 543px, 580px\" \/><\/figure><div class=\"wp-block-media-text__content\">\n<h1 class=\"wp-block-heading has-text-align-center\"><strong>Mobiility\u00f6kalut<\/strong><\/h1>\n\n\n\n<p>Cabinet ja Building AR, lataa omasi veloituksetta sovelluskaupastasi!<\/p>\n<\/div><\/div>\n\n\n\n<figure class=\"wp-block-video\"><video height=\"1080\" style=\"aspect-ratio: 1920 \/ 1080;\" width=\"1920\" controls src=\"http:\/\/www.vanhat.sarajamaki.fi\/wp-content\/uploads\/2022\/05\/SUITE_X_AR_APP_Schneider_3.mp4\"><\/video><figcaption class=\"wp-element-caption\">Cabinet AR APP<\/figcaption><\/figure>\n\n\n\n<figure class=\"wp-block-video\"><video height=\"1080\" style=\"aspect-ratio: 1920 \/ 1080;\" width=\"1920\" controls src=\"http:\/\/www.vanhat.sarajamaki.fi\/wp-content\/uploads\/2022\/05\/WSCAD-Building-AR-App_EN-1.mp4\"><\/video><figcaption class=\"wp-element-caption\">Building AR APP<\/figcaption><\/figure>\n\n\n\n<figure class=\"wp-block-video\"><video height=\"1080\" style=\"aspect-ratio: 1920 \/ 1080;\" width=\"1920\" controls src=\"http:\/\/www.vanhat.sarajamaki.fi\/wp-content\/uploads\/2022\/05\/1.-DEMO-EE.mp4\"><\/video><figcaption class=\"wp-element-caption\">EE Piirikaavio \/ Schematics<\/figcaption><\/figure>\n\n\n\n<figure class=\"wp-block-video\"><video height=\"1080\" style=\"aspect-ratio: 1920 \/ 1080;\" width=\"1920\" controls src=\"http:\/\/www.vanhat.sarajamaki.fi\/wp-content\/uploads\/2022\/05\/2.-DEMO-CE.mp4\"><\/video><figcaption class=\"wp-element-caption\">CE Keskussuunnittelu \/ Cabinet layout<\/figcaption><\/figure>\n\n\n\n<figure class=\"wp-block-video\"><video height=\"1080\" style=\"aspect-ratio: 1920 \/ 1080;\" width=\"1920\" controls src=\"http:\/\/www.vanhat.sarajamaki.fi\/wp-content\/uploads\/2022\/05\/3.-DEMO-FE.mp4\"><\/video><figcaption class=\"wp-element-caption\">FE Fluidij\u00e4rjestelm\u00e4t: pneumatiikka ja hydrauliikka \/ Fluid engineering<\/figcaption><\/figure>\n\n\n\n<figure class=\"wp-block-video\"><video height=\"1080\" style=\"aspect-ratio: 1920 \/ 1080;\" width=\"1920\" controls src=\"http:\/\/www.vanhat.sarajamaki.fi\/wp-content\/uploads\/2022\/05\/4.-DEMO-Project-Wizard.mp4\"><\/video><figcaption class=\"wp-element-caption\"><strong>Project wizard<\/strong><\/figcaption><\/figure>\n\n\n\n<figure class=\"wp-block-video\"><video height=\"1080\" style=\"aspect-ratio: 1920 \/ 1080;\" width=\"1920\" controls src=\"http:\/\/www.vanhat.sarajamaki.fi\/wp-content\/uploads\/2022\/05\/5.-DEMO-Automation-Interface.mp4\"><\/video><figcaption class=\"wp-element-caption\">Automaattinen k\u00e4ytt\u00f6liittym\u00e4 suunnitteluun<\/figcaption><\/figure>\n\n\n\n<div class=\"wp-block-columns is-layout-flex wp-container-core-columns-is-layout-9d6595d7 wp-block-columns-is-layout-flex\">\n<div class=\"wp-block-column is-layout-flow wp-block-column-is-layout-flow\" style=\"flex-basis:100%\">\n<div class=\"wp-block-columns is-layout-flex wp-container-core-columns-is-layout-9d6595d7 wp-block-columns-is-layout-flex\">\n<div class=\"wp-block-column is-layout-flow wp-block-column-is-layout-flow\" style=\"flex-basis:100%\">\n<div class=\"wp-block-group\"><div class=\"wp-block-group__inner-container is-layout-flow wp-block-group-is-layout-flow\">\n<div class=\"wp-block-columns is-layout-flex wp-container-core-columns-is-layout-9d6595d7 wp-block-columns-is-layout-flex\">\n<div class=\"wp-block-column is-layout-flow wp-block-column-is-layout-flow\" style=\"flex-basis:100%\">\n<div class=\"wp-block-group\"><div class=\"wp-block-group__inner-container is-layout-flow wp-block-group-is-layout-flow\">\n<figure class=\"wp-block-gallery has-nested-images columns-default is-cropped wp-block-gallery-1 is-layout-flex wp-block-gallery-is-layout-flex\">\n<figure class=\"wp-block-image size-large\"><a href=\"http:\/\/www.vanhat.sarajamaki.fi\/wp-content\/uploads\/2022\/05\/WSCAD_Logo_Bar_Claim_RGB_2019-06.png\"><img loading=\"lazy\" decoding=\"async\" width=\"1024\" height=\"262\" data-id=\"194\" src=\"http:\/\/www.vanhat.sarajamaki.fi\/wp-content\/uploads\/2022\/05\/WSCAD_Logo_Bar_Claim_RGB_2019-06-1024x262.png\" alt=\"\" class=\"wp-image-194\" srcset=\"https:\/\/www.vanhat.sarajamaki.fi\/wp-content\/uploads\/2022\/05\/WSCAD_Logo_Bar_Claim_RGB_2019-06-1024x262.png 1024w, https:\/\/www.vanhat.sarajamaki.fi\/wp-content\/uploads\/2022\/05\/WSCAD_Logo_Bar_Claim_RGB_2019-06-300x77.png 300w, https:\/\/www.vanhat.sarajamaki.fi\/wp-content\/uploads\/2022\/05\/WSCAD_Logo_Bar_Claim_RGB_2019-06-768x197.png 768w, https:\/\/www.vanhat.sarajamaki.fi\/wp-content\/uploads\/2022\/05\/WSCAD_Logo_Bar_Claim_RGB_2019-06-1536x393.png 1536w, https:\/\/www.vanhat.sarajamaki.fi\/wp-content\/uploads\/2022\/05\/WSCAD_Logo_Bar_Claim_RGB_2019-06-2048x524.png 2048w\" sizes=\"auto, (max-width: 767px) 89vw, (max-width: 1000px) 54vw, (max-width: 1071px) 543px, 580px\" \/><\/a><figcaption class=\"wp-element-caption\"><strong>Laatua ja nopeutta skaalautuvalla ohjelmistolla!<\/strong><\/figcaption><\/figure>\n<\/figure>\n<\/div><\/div>\n<\/div>\n<\/div>\n<\/div><\/div>\n<\/div>\n<\/div>\n<\/div>\n<\/div>\n\n\n\n<p>Ja viimeisen\u00e4, laita tilausta tulemaan s\u00e4hk\u00f6postilla info@sarajamaki.fi tai sitten ihan vaan pirauta perinteisesti puhelimella numeroon 0504959261 (k\u00e4yt\u00e4n Signal viestipalvelua, voit toki sill\u00e4kin hoitaa yhteydenoton).<\/p>\n","protected":false},"excerpt":{"rendered":"<p>WSCAD on suunnitteluohjelma, jossa on kuusi teknologiaa samalla modulaarisella alustalla! Pelk\u00e4st\u00e4\u00e4n WSCADin mukana tulevilla symboli-, makro- ja tuotekirjastolla p\u00e4\u00e4set hyv\u00e4\u00e4n vauhtiin + valmiit pohjat tuo helpon startin tekemiseen. Kehittyneemp\u00e4n\u00e4 k\u00e4ytt\u00e4j\u00e4n\u00e4 voit sitten joko valmiita pohjia muokkaamalla tai itse tekem\u00e4ll\u00e4 luoda yritykselle kokonaan omann\u00e4k\u00f6isen dokumentaation. Lis\u00e4ksi voit luoda juuri sen n\u00e4k\u00f6isen dokumentaation, kuin asiakkaasi haluaa, niin &hellip; <\/p>\n<p class=\"link-more\"><a href=\"https:\/\/www.vanhat.sarajamaki.fi\/\" class=\"more-link\">Jatka lukemista<span class=\"screen-reader-text\"> &#8221;WSCAD&#8221;<\/span><\/a><\/p>\n","protected":false},"author":1,"featured_media":0,"parent":0,"menu_order":1,"comment_status":"closed","ping_status":"closed","template":"","meta":{"footnotes":""},"class_list":["post-162","page","type-page","status-publish","hentry"],"_links":{"self":[{"href":"https:\/\/www.vanhat.sarajamaki.fi\/index.php?rest_route=\/wp\/v2\/pages\/162","targetHints":{"allow":["GET"]}}],"collection":[{"href":"https:\/\/www.vanhat.sarajamaki.fi\/index.php?rest_route=\/wp\/v2\/pages"}],"about":[{"href":"https:\/\/www.vanhat.sarajamaki.fi\/index.php?rest_route=\/wp\/v2\/types\/page"}],"author":[{"embeddable":true,"href":"https:\/\/www.vanhat.sarajamaki.fi\/index.php?rest_route=\/wp\/v2\/users\/1"}],"replies":[{"embeddable":true,"href":"https:\/\/www.vanhat.sarajamaki.fi\/index.php?rest_route=%2Fwp%2Fv2%2Fcomments&post=162"}],"version-history":[{"count":30,"href":"https:\/\/www.vanhat.sarajamaki.fi\/index.php?rest_route=\/wp\/v2\/pages\/162\/revisions"}],"predecessor-version":[{"id":407,"href":"https:\/\/www.vanhat.sarajamaki.fi\/index.php?rest_route=\/wp\/v2\/pages\/162\/revisions\/407"}],"wp:attachment":[{"href":"https:\/\/www.vanhat.sarajamaki.fi\/index.php?rest_route=%2Fwp%2Fv2%2Fmedia&parent=162"}],"curies":[{"name":"wp","href":"https:\/\/api.w.org\/{rel}","templated":true}]}}