{"id":219,"date":"2022-08-07T14:02:11","date_gmt":"2022-08-07T11:02:11","guid":{"rendered":"http:\/\/www.vanhat.sarajamaki.fi\/?page_id=219"},"modified":"2023-02-04T13:52:34","modified_gmt":"2023-02-04T11:52:34","slug":"wscad-kuvia-ja-videoita","status":"publish","type":"page","link":"https:\/\/www.vanhat.sarajamaki.fi\/?page_id=219","title":{"rendered":"WSCAD kuvia ja videoita"},"content":{"rendered":"\n<div class=\"wp-block-media-text alignwide is-stacked-on-mobile\"><figure class=\"wp-block-media-text__media\"><video controls src=\"http:\/\/www.vanhat.sarajamaki.fi\/wp-content\/uploads\/2022\/05\/electrixvideo_en.mp4\"><\/video><\/figure><div class=\"wp-block-media-text__content\">\n<p class=\"has-large-font-size\">Pient\u00e4 kiusausta videon muodossa WSCADist\u00e4!<\/p>\n<\/div><\/div>\n\n\n\n<p>Lis\u00e4\u00e4 videoita YouTube-kanavallamme nyt ja tulevaisuudessa osoitteesta <a href=\"https:\/\/www.youtube.com\/channel\/UCUx_pt5pHX4erEmv_tukPSA\">SA Rajam\u00e4ki-WSCAD S\u00e4hk\u00f6- ja automaatiosuunnittelu &#8211; YouTube<\/a><\/p>\n\n\n\n<p>Ja kuinka vaikka huoltohenkil\u00f6st\u00f6 ja\/tai valmistuksen henkil\u00f6 voi tsekata keskuksen tiedot helposti mobiililaitteella ja tehd\u00e4 paljon muutakin, tsekkaa video <a href=\"https:\/\/www.youtube.com\/watch?v=7xOWqqeeCvM&amp;t=45s\">WSCAD Augmented Reality App (AR App) for WSCAD SUITE &#8211; YouTube<\/a><\/p>\n\n\n\n<div class=\"wp-block-media-text alignwide is-stacked-on-mobile\"><figure class=\"wp-block-media-text__media\"><video controls src=\"http:\/\/www.vanhat.sarajamaki.fi\/wp-content\/uploads\/2022\/05\/WSCAD-Building-AR-App_EN.mp4\"><\/video><\/figure><div class=\"wp-block-media-text__content\">\n<p class=\"has-large-font-size\">Kuinka voit tehd\u00e4 pohjakuvat kiinteist\u00f6st\u00e4 todella helposti?<\/p>\n<\/div><\/div>\n\n\n\n<p>WSCADin Building AR Apilla voi kuka tahansa k\u00e4nnyk\u00e4nk\u00e4ytt\u00f6taitoinen luoda pohjakuvat ja l\u00e4hett\u00e4\u00e4 ne suunnittelijalle, ei en\u00e4\u00e4 manuaalista piirt\u00e4mist\u00e4 ja vanhojen kuvien haeskelua.<\/p>\n\n\n\n<p>Tulevan YouTube kanavamme l\u00f6yd\u00e4t: <a href=\"https:\/\/www.youtube.com\/channel\/UCUx_pt5pHX4erEmv_tukPSA\" target=\"_blank\" rel=\"noreferrer noopener\">https:\/\/www.youtube.com\/channel\/UCUx_pt5pHX4erEmv_tukPSA<\/a><\/p>\n\n\n\n<p>Maltathan odottaa, ett\u00e4 saamme materiaalia tuotettua YouTubeen ihan suomalaisia varten, toistaiseksi l\u00f6yd\u00e4t sielt\u00e4 englanninkielist\u00e4 materiaalia!<\/p>\n","protected":false},"excerpt":{"rendered":"<p>Pient\u00e4 kiusausta videon muodossa WSCADist\u00e4! Lis\u00e4\u00e4 videoita YouTube-kanavallamme nyt ja tulevaisuudessa osoitteesta SA Rajam\u00e4ki-WSCAD S\u00e4hk\u00f6- ja automaatiosuunnittelu &#8211; YouTube Ja kuinka vaikka huoltohenkil\u00f6st\u00f6 ja\/tai valmistuksen henkil\u00f6 voi tsekata keskuksen tiedot helposti mobiililaitteella ja tehd\u00e4 paljon muutakin, tsekkaa video WSCAD Augmented Reality App (AR App) for WSCAD SUITE &#8211; YouTube Kuinka voit tehd\u00e4 pohjakuvat kiinteist\u00f6st\u00e4 todella &hellip; <\/p>\n<p class=\"link-more\"><a href=\"https:\/\/www.vanhat.sarajamaki.fi\/?page_id=219\" class=\"more-link\">Jatka lukemista<span class=\"screen-reader-text\"> &#8221;WSCAD kuvia ja videoita&#8221;<\/span><\/a><\/p>\n","protected":false},"author":1,"featured_media":0,"parent":0,"menu_order":0,"comment_status":"closed","ping_status":"closed","template":"","meta":{"footnotes":""},"class_list":["post-219","page","type-page","status-publish","hentry"],"_links":{"self":[{"href":"https:\/\/www.vanhat.sarajamaki.fi\/index.php?rest_route=\/wp\/v2\/pages\/219","targetHints":{"allow":["GET"]}}],"collection":[{"href":"https:\/\/www.vanhat.sarajamaki.fi\/index.php?rest_route=\/wp\/v2\/pages"}],"about":[{"href":"https:\/\/www.vanhat.sarajamaki.fi\/index.php?rest_route=\/wp\/v2\/types\/page"}],"author":[{"embeddable":true,"href":"https:\/\/www.vanhat.sarajamaki.fi\/index.php?rest_route=\/wp\/v2\/users\/1"}],"replies":[{"embeddable":true,"href":"https:\/\/www.vanhat.sarajamaki.fi\/index.php?rest_route=%2Fwp%2Fv2%2Fcomments&post=219"}],"version-history":[{"count":7,"href":"https:\/\/www.vanhat.sarajamaki.fi\/index.php?rest_route=\/wp\/v2\/pages\/219\/revisions"}],"predecessor-version":[{"id":344,"href":"https:\/\/www.vanhat.sarajamaki.fi\/index.php?rest_route=\/wp\/v2\/pages\/219\/revisions\/344"}],"wp:attachment":[{"href":"https:\/\/www.vanhat.sarajamaki.fi\/index.php?rest_route=%2Fwp%2Fv2%2Fmedia&parent=219"}],"curies":[{"name":"wp","href":"https:\/\/api.w.org\/{rel}","templated":true}]}}