{"id":264,"date":"2022-09-11T11:56:43","date_gmt":"2022-09-11T08:56:43","guid":{"rendered":"http:\/\/www.vanhat.sarajamaki.fi\/?page_id=264"},"modified":"2023-01-22T11:50:03","modified_gmt":"2023-01-22T09:50:03","slug":"koulutukset","status":"publish","type":"page","link":"https:\/\/www.vanhat.sarajamaki.fi\/?page_id=264","title":{"rendered":"Koulutukset"},"content":{"rendered":"\n<p>T\u00e4\u00e4lt\u00e4 l\u00f6yd\u00e4t meid\u00e4n tarjoamamme valmiit koulutuspaketit WSCADille, lis\u00e4ksi tarjoamme t\u00e4ysin r\u00e4\u00e4t\u00e4l\u00f6ityj\u00e4 koulutuksia, eli asiasis\u00e4ll\u00f6t p\u00e4\u00e4tet\u00e4\u00e4n yhteisesti ennen koulutusta ja koulutus rakentuu t\u00e4m\u00e4n sis\u00e4ll\u00f6n mukaan. Esimerkkihinnat on yrityskohtaisia verottomia hintoja.<\/p>\n\n\n\n<p>Toteutamme t\u00e4m\u00e4n lis\u00e4ksi s\u00e4hk\u00f6- ja automaatiosuunnittelukoulutusta uusille tulokkaille ja muistin virkist\u00e4miseksi. Koulutuksia pidet\u00e4\u00e4n p\u00e4\u00e4asiassa l\u00e4hikoulutuksena, mutta tarvittaessa voimme j\u00e4rjest\u00e4\u00e4 verkkokoulutuksenkin, n\u00e4ist\u00e4 voit pyyt\u00e4\u00e4 erillisen tarjouksen. <\/p>\n\n\n\n<p>Kokemuksemme mukaan koulutus on kaikkein tehokkainta nimenomaan l\u00e4hikoulutuksena sopivan kokoisissa ryhmiss\u00e4 ja sen vuoksi hinnoittelemme kaikki l\u00e4hikoulutuksen mukaan.<\/p>\n\n\n\n<p>Kaikki hinnat ovat verottomia ja niihin lis\u00e4t\u00e4\u00e4n kulloinkin voimassa olevat verot.<\/p>\n\n\n\n<p>Muita kuluja saattaa synty\u00e4 koulutuksen j\u00e4rjest\u00e4misest\u00e4, esimerkiksi tila-, matka- ja majoituskustannuksista.<\/p>\n\n\n\n<ul class=\"wp-block-list\">\n<li><strong>WSCAD Peruskoulutus<\/strong>, kolme p\u00e4iv\u00e4\u00e4, 1200,- eur\/yritys:\n<ul class=\"wp-block-list\">\n<li>ohjelman rakenne ja k\u00e4ytt\u00f6liittym\u00e4<\/li>\n\n\n\n<li>ohjelman perustiedot ja tiedostonhallinta<\/li>\n\n\n\n<li>projektien tekeminen ja projektin tietojen m\u00e4\u00e4ritys<\/li>\n\n\n\n<li>eri teknologioiden perusk\u00e4ytt\u00f6 lisenssin laajuuden mukaan<\/li>\n<\/ul>\n<\/li>\n<\/ul>\n\n\n\n<ul class=\"wp-block-list\">\n<li><strong>WSCAD Tehok\u00e4ytt\u00f6<\/strong>, kaksi p\u00e4iv\u00e4\u00e4, 1000,- eur\/yritys:\n<ul class=\"wp-block-list\">\n<li>makrojen tekeminen ja k\u00e4ytt\u00f6<\/li>\n\n\n\n<li>PLC managerin hy\u00f6dynt\u00e4minen tai muu vastaava vaihtoehto lisenssin mukaan<\/li>\n\n\n\n<li>tuoterekisterin yll\u00e4pito ja k\u00e4ytt\u00f6 + WSCADUNIVERSE<\/li>\n\n\n\n<li>projektien rakenteiden hy\u00f6dynt\u00e4minen suunnittelussa<\/li>\n\n\n\n<li>omien symbolien tekeminen ja hy\u00f6dynt\u00e4minen<\/li>\n<\/ul>\n<\/li>\n<\/ul>\n\n\n\n<ul class=\"wp-block-list\">\n<li><strong>WSCAD Dokumentaatio<\/strong>, yksi p\u00e4iv\u00e4, 600,- eur\/yritys:\n<ul class=\"wp-block-list\">\n<li>erilaisten dokumenttien ajaminen projektista<\/li>\n\n\n\n<li>omien dokumenttipohjien luominen ja hy\u00f6dynt\u00e4minen<\/li>\n<\/ul>\n<\/li>\n<\/ul>\n\n\n\n<ul class=\"wp-block-list\">\n<li><strong>WSCAD Tips &amp; tricks<\/strong>, yksi p\u00e4iv\u00e4 700,- eur\/yritys:\n<ul class=\"wp-block-list\">\n<li>sis\u00e4lt\u00f6n\u00e4 erilaisten suunnittelua helpottavien ja nopeuttavien \u201dkikkojen\u201d k\u00e4ytt\u00f6<\/li>\n\n\n\n<li>sujuvampi suunnittelu ohjelman automaatiota hy\u00f6dynt\u00e4en<\/li>\n\n\n\n<li>erilaisten kohdattujen haasteiden tai helpotusta kaipaavien asioiden sujuvampi suorittaminen<\/li>\n<\/ul>\n<\/li>\n<\/ul>\n\n\n\n<ul class=\"wp-block-list\">\n<li><strong>S\u00e4hk\u00f6- ja automaatiosuunnittelun perusteet<\/strong> aloittelevalle suunnittelijalle yhden p\u00e4iv\u00e4n r\u00e4\u00e4t\u00e4l\u00f6ityn\u00e4 toteutuksena 700,- eur.<\/li>\n<\/ul>\n","protected":false},"excerpt":{"rendered":"<p>T\u00e4\u00e4lt\u00e4 l\u00f6yd\u00e4t meid\u00e4n tarjoamamme valmiit koulutuspaketit WSCADille, lis\u00e4ksi tarjoamme t\u00e4ysin r\u00e4\u00e4t\u00e4l\u00f6ityj\u00e4 koulutuksia, eli asiasis\u00e4ll\u00f6t p\u00e4\u00e4tet\u00e4\u00e4n yhteisesti ennen koulutusta ja koulutus rakentuu t\u00e4m\u00e4n sis\u00e4ll\u00f6n mukaan. Esimerkkihinnat on yrityskohtaisia verottomia hintoja. Toteutamme t\u00e4m\u00e4n lis\u00e4ksi s\u00e4hk\u00f6- ja automaatiosuunnittelukoulutusta uusille tulokkaille ja muistin virkist\u00e4miseksi. Koulutuksia pidet\u00e4\u00e4n p\u00e4\u00e4asiassa l\u00e4hikoulutuksena, mutta tarvittaessa voimme j\u00e4rjest\u00e4\u00e4 verkkokoulutuksenkin, n\u00e4ist\u00e4 voit pyyt\u00e4\u00e4 erillisen tarjouksen. Kokemuksemme &hellip; <\/p>\n<p class=\"link-more\"><a href=\"https:\/\/www.vanhat.sarajamaki.fi\/?page_id=264\" class=\"more-link\">Jatka lukemista<span class=\"screen-reader-text\"> &#8221;Koulutukset&#8221;<\/span><\/a><\/p>\n","protected":false},"author":1,"featured_media":0,"parent":0,"menu_order":0,"comment_status":"closed","ping_status":"closed","template":"","meta":{"footnotes":""},"class_list":["post-264","page","type-page","status-publish","hentry"],"_links":{"self":[{"href":"https:\/\/www.vanhat.sarajamaki.fi\/index.php?rest_route=\/wp\/v2\/pages\/264","targetHints":{"allow":["GET"]}}],"collection":[{"href":"https:\/\/www.vanhat.sarajamaki.fi\/index.php?rest_route=\/wp\/v2\/pages"}],"about":[{"href":"https:\/\/www.vanhat.sarajamaki.fi\/index.php?rest_route=\/wp\/v2\/types\/page"}],"author":[{"embeddable":true,"href":"https:\/\/www.vanhat.sarajamaki.fi\/index.php?rest_route=\/wp\/v2\/users\/1"}],"replies":[{"embeddable":true,"href":"https:\/\/www.vanhat.sarajamaki.fi\/index.php?rest_route=%2Fwp%2Fv2%2Fcomments&post=264"}],"version-history":[{"count":6,"href":"https:\/\/www.vanhat.sarajamaki.fi\/index.php?rest_route=\/wp\/v2\/pages\/264\/revisions"}],"predecessor-version":[{"id":320,"href":"https:\/\/www.vanhat.sarajamaki.fi\/index.php?rest_route=\/wp\/v2\/pages\/264\/revisions\/320"}],"wp:attachment":[{"href":"https:\/\/www.vanhat.sarajamaki.fi\/index.php?rest_route=%2Fwp%2Fv2%2Fmedia&parent=264"}],"curies":[{"name":"wp","href":"https:\/\/api.w.org\/{rel}","templated":true}]}}