{"id":79,"date":"2021-10-16T11:47:28","date_gmt":"2021-10-16T08:47:28","guid":{"rendered":"http:\/\/www.vanhat.sarajamaki.fi\/?page_id=79"},"modified":"2023-09-28T18:22:44","modified_gmt":"2023-09-28T15:22:44","slug":"yhteystiedot","status":"publish","type":"page","link":"https:\/\/www.vanhat.sarajamaki.fi\/?page_id=79","title":{"rendered":"YHTEYSTIEDOT"},"content":{"rendered":"\n<h2 class=\"wp-block-heading has-vivid-cyan-blue-color has-text-color\"><strong>SA Rajam\u00e4ki <strong>&#8211;<\/strong><mark style=\"background-color:rgba(0, 0, 0, 0)\" class=\"has-inline-color has-vivid-cyan-blue-color\"> <\/mark><mark style=\"background-color:rgba(0, 0, 0, 0)\" class=\"has-inline-color has-vivid-cyan-blue-color\">S\u00e4hk\u00f6- ja automaatiopalvelu Rajam\u00e4ki Oy<\/mark><\/strong><\/h2>\n\n\n\n<ul class=\"wp-block-list\">\n<li>s\u00e4hk\u00f6posti: info @ sarajamaki.fi<\/li>\n\n\n\n<li>henkil\u00f6kohtaiset s\u00e4hk\u00f6postit muotoa: etunimi.sukunimi@sarajamaki.fi<\/li>\n\n\n\n<li>puhelin +35850 4959 261 (Teppo)<\/li>\n\n\n\n<li>y-tunnus 3199013-1<\/li>\n\n\n\n<li>kotikunta Ikaalinen<\/li>\n\n\n\n<li>Teppo ja Johanna Rajam\u00e4ki<\/li>\n<\/ul>\n\n\n\n<p>Verkkolaskuosoitteemme l\u00f6yd\u00e4t verkkolaskuosoite.fi palvelusta ja alta:<\/p>\n\n\n\n<figure class=\"wp-block-image size-full\"><a href=\"http:\/\/www.vanhat.sarajamaki.fi\/wp-content\/uploads\/2023\/08\/image.png\"><img loading=\"lazy\" decoding=\"async\" width=\"664\" height=\"74\" src=\"http:\/\/www.vanhat.sarajamaki.fi\/wp-content\/uploads\/2023\/08\/image.png\" alt=\"\" class=\"wp-image-376\" srcset=\"https:\/\/www.vanhat.sarajamaki.fi\/wp-content\/uploads\/2023\/08\/image.png 664w, https:\/\/www.vanhat.sarajamaki.fi\/wp-content\/uploads\/2023\/08\/image-300x33.png 300w\" sizes=\"auto, (max-width: 664px) 100vw, 664px\" \/><\/a><\/figure>\n\n\n\n<figure class=\"wp-block-image size-large\"><a href=\"http:\/\/www.vanhat.sarajamaki.fi\/wp-content\/uploads\/2022\/09\/SARAJAMAKI_LOGO_2022_CMYK-2.pdf\"><img loading=\"lazy\" decoding=\"async\" width=\"1024\" height=\"252\" src=\"http:\/\/www.vanhat.sarajamaki.fi\/wp-content\/uploads\/2022\/09\/SARAJAMAKI_LOGO_2022_CMYK-2-pdf-1024x252.jpg\" alt=\"\" class=\"wp-image-273\"\/><\/a><figcaption class=\"wp-element-caption\">Poweria ja automaatiota kodista teollisuuteen!<\/figcaption><\/figure>\n\n\n\n<figure class=\"wp-block-image size-full\"><a href=\"http:\/\/www.vanhat.sarajamaki.fi\/wp-content\/uploads\/2023\/09\/AA-logo-2023-FI-transparent.png\"><img loading=\"lazy\" decoding=\"async\" width=\"749\" height=\"554\" src=\"http:\/\/www.vanhat.sarajamaki.fi\/wp-content\/uploads\/2023\/09\/AA-logo-2023-FI-transparent.png\" alt=\"\" class=\"wp-image-389\" srcset=\"https:\/\/www.vanhat.sarajamaki.fi\/wp-content\/uploads\/2023\/09\/AA-logo-2023-FI-transparent.png 749w, https:\/\/www.vanhat.sarajamaki.fi\/wp-content\/uploads\/2023\/09\/AA-logo-2023-FI-transparent-300x222.png 300w\" sizes=\"auto, (max-width: 706px) 89vw, (max-width: 767px) 82vw, 740px\" \/><\/a><\/figure>\n\n\n\n<figure class=\"wp-block-image size-large\"><a href=\"http:\/\/www.vanhat.sarajamaki.fi\/wp-content\/uploads\/2023\/02\/Suomen-vahvimmat-hopea.png\"><img loading=\"lazy\" decoding=\"async\" width=\"1024\" height=\"667\" src=\"http:\/\/www.vanhat.sarajamaki.fi\/wp-content\/uploads\/2023\/02\/Suomen-vahvimmat-hopea-1024x667.png\" alt=\"\" class=\"wp-image-359\" srcset=\"https:\/\/www.vanhat.sarajamaki.fi\/wp-content\/uploads\/2023\/02\/Suomen-vahvimmat-hopea-1024x667.png 1024w, https:\/\/www.vanhat.sarajamaki.fi\/wp-content\/uploads\/2023\/02\/Suomen-vahvimmat-hopea-300x195.png 300w, https:\/\/www.vanhat.sarajamaki.fi\/wp-content\/uploads\/2023\/02\/Suomen-vahvimmat-hopea-768x500.png 768w, https:\/\/www.vanhat.sarajamaki.fi\/wp-content\/uploads\/2023\/02\/Suomen-vahvimmat-hopea-1536x1001.png 1536w, https:\/\/www.vanhat.sarajamaki.fi\/wp-content\/uploads\/2023\/02\/Suomen-vahvimmat-hopea.png 1802w\" sizes=\"auto, (max-width: 767px) 89vw, (max-width: 1000px) 54vw, (max-width: 1071px) 543px, 580px\" \/><\/a><\/figure>\n","protected":false},"excerpt":{"rendered":"<p>SA Rajam\u00e4ki &#8211; S\u00e4hk\u00f6- ja automaatiopalvelu Rajam\u00e4ki Oy Verkkolaskuosoitteemme l\u00f6yd\u00e4t verkkolaskuosoite.fi palvelusta ja alta:<\/p>\n","protected":false},"author":1,"featured_media":0,"parent":0,"menu_order":3,"comment_status":"closed","ping_status":"closed","template":"","meta":{"footnotes":""},"class_list":["post-79","page","type-page","status-publish","hentry"],"_links":{"self":[{"href":"https:\/\/www.vanhat.sarajamaki.fi\/index.php?rest_route=\/wp\/v2\/pages\/79","targetHints":{"allow":["GET"]}}],"collection":[{"href":"https:\/\/www.vanhat.sarajamaki.fi\/index.php?rest_route=\/wp\/v2\/pages"}],"about":[{"href":"https:\/\/www.vanhat.sarajamaki.fi\/index.php?rest_route=\/wp\/v2\/types\/page"}],"author":[{"embeddable":true,"href":"https:\/\/www.vanhat.sarajamaki.fi\/index.php?rest_route=\/wp\/v2\/users\/1"}],"replies":[{"embeddable":true,"href":"https:\/\/www.vanhat.sarajamaki.fi\/index.php?rest_route=%2Fwp%2Fv2%2Fcomments&post=79"}],"version-history":[{"count":21,"href":"https:\/\/www.vanhat.sarajamaki.fi\/index.php?rest_route=\/wp\/v2\/pages\/79\/revisions"}],"predecessor-version":[{"id":391,"href":"https:\/\/www.vanhat.sarajamaki.fi\/index.php?rest_route=\/wp\/v2\/pages\/79\/revisions\/391"}],"wp:attachment":[{"href":"https:\/\/www.vanhat.sarajamaki.fi\/index.php?rest_route=%2Fwp%2Fv2%2Fmedia&parent=79"}],"curies":[{"name":"wp","href":"https:\/\/api.w.org\/{rel}","templated":true}]}}